{"id":1345,"date":"2024-07-17T16:10:50","date_gmt":"2024-07-17T22:10:50","guid":{"rendered":"https:\/\/treolo.com\/?page_id=1345"},"modified":"2024-07-17T16:58:05","modified_gmt":"2024-07-17T22:58:05","slug":"politicas-de-privacidad","status":"publish","type":"page","link":"https:\/\/treolo.com\/en\/politicas-de-privacidad\/","title":{"rendered":"Pol\u00edticas de privacidad"},"content":{"rendered":"<div data-elementor-type=\"wp-page\" data-elementor-id=\"1345\" class=\"elementor elementor-1345\" data-elementor-post-type=\"page\">\n\t\t\t\t<div class=\"elementor-element elementor-element-19eacbf e-flex e-con-boxed e-con e-parent\" data-id=\"19eacbf\" data-element_type=\"container\">\n\t\t\t\t\t<div class=\"e-con-inner\">\n\t\t\t\t<div class=\"elementor-element elementor-element-26cee06 elementor-widget elementor-widget-heading\" data-id=\"26cee06\" data-element_type=\"widget\" data-widget_type=\"heading.default\">\n\t\t\t\t<div class=\"elementor-widget-container\">\n\t\t\t\t\t<h2 class=\"elementor-heading-title elementor-size-default\">Pol\u00edticas de privacidad<\/h2>\t\t\t\t<\/div>\n\t\t\t\t<\/div>\n\t\t\t\t<div class=\"elementor-element elementor-element-c9eddc8 elementor-widget elementor-widget-text-editor\" data-id=\"c9eddc8\" data-element_type=\"widget\" data-widget_type=\"text-editor.default\">\n\t\t\t\t<div class=\"elementor-widget-container\">\n\t\t\t\t\t\t\t\t\t<p><strong>IDENTIDAD Y DOMICILIO DEL RESPONSABLE:<\/strong><\/p><p>En cumplimiento a lo establecido en el Art\u00edculo 17, fracci\u00f3n II de la Ley Federal de Protecci\u00f3n de Datos Personales en Posesi\u00f3n de los Particulares le informamos que <strong>Grupo Treolo SA de CV<\/strong> (en lo sucesivo \u201cEl Responsable\u201d), con domicilio en la calle R\u00edo Amacuzac #1125, Valle Oriente NL C.P. C\u00f3digo Postal 66269 en la ciudad de San Pedro Garza Garc\u00eda Nuevo Le\u00f3n, M\u00e9xico, con tel\u00e9fono de contacto (01 81) 10 01 96 00 y p\u00e1gina de Internet www.grupotreolo.com, tratar\u00e1 los datos personales que recabe de usted con la finalidad de brindarle los diversos productos y servicios que ofrece <strong>El Responsable<\/strong> tales como el suministro de unidades de aire acondicionado, compra-venta,<br \/>fabricaci\u00f3n de aparatos de aire acondicionado, tuber\u00eda, v\u00e1lvulas y conexiones, aislantes, gas refrigerante, distribuci\u00f3n, instalaci\u00f3n, reparaci\u00f3n, consultor\u00eda, dise\u00f1o, fabricaci\u00f3n, venta de refacciones de equipos de aire acondicionado, de cuartos fr\u00edos y refrigeraci\u00f3n industrial, equipos de calefacci\u00f3n, ventilaci\u00f3n, aire lavado, fabricaci\u00f3n y venta de ductos y toda clase de productos laminados para la instalaci\u00f3n de aires acondicionados o cuartos fr\u00edos \u00f3 de refrigeraci\u00f3n por cuenta propia o de terceros, as\u00ed como en su caso la entrega de dichos productos o servicios en su domicilio, pudiendo gestionar, administrar y dar de alta en nuestro sistema la relaci\u00f3n con usted para llevar acabo la facturaci\u00f3n y entrega a domicilio seg\u00fan sea su indicaci\u00f3n.<\/p><p>\u201cEl Responsable\u201d para cumplir con las obligaciones que la Ley le impone, necesita contratar empleados y tener relaci\u00f3n con proveedores y clientes de quienes requiere recabar datos, los cuales ser\u00e1n tratados estrictamente para alcanzar las finalidades que m\u00e1s adelantes se describen.<\/p><p><strong>TRATAMIENTO DE DATOS:<\/strong><br \/>Los datos personales que el Responsable recabe del Titular, puede hacerlo por cualquier medio \u00f3ptico, sonoro, visual, o a trav\u00e9s de cualquier otra tecnolog\u00eda, ya sea: directamente, cuando usted los proporciona en las oficinas del Responsable; cuando el Responsable le solicita por cualquier medio ya sea por tel\u00e9fono, por mensajes electr\u00f3nicos o de cualquier tipo; o a trav\u00e9s de otras fuentes permitidas por la Ley Federal de Protecci\u00f3n de Datos Personales en Posesi\u00f3n de Particulares, dependiendo del tipo de titular de que se trate.<\/p><p>Empleados, Candidatos, Jubilados y Ex-empleados: nombre, direcci\u00f3n de su domicilio y\/o oficina, direcci\u00f3n de correo electr\u00f3nico (e-mail), tel\u00e9fonos, fecha de nacimiento, nacionalidad, estado civil, ocupaci\u00f3n, clave de Registro Federal de Contribuyentes y Clave \u00danica de Registro de Poblaci\u00f3n, fotograf\u00eda, copia de identificaci\u00f3n oficial sea IFE o PASAPORTE, n\u00famero de pasaporte, n\u00famero de cartilla de servicio militar, clase y n\u00famero de licencia de manejo, en el caso de extranjeros forma migratoria, acta de nacimiento original o copia certificada, acta de matrimonio intereses personales, formaci\u00f3n acad\u00e9mica, experiencia laboral, dependientes econ\u00f3micos, referencias personales, afiliaci\u00f3n a alg\u00fan sindicato, participaci\u00f3n en procesos o problemas judiciales, afiliaci\u00f3n sindical participaci\u00f3n en alg\u00fan club social o deportivo; *datos financieros o patrimoniales: n\u00fameros de cuenta, monto de transferencia, n\u00famero de tarjeta, cuentas bancarias, pr\u00e9stamos bancarios, CLABE y; *datos sensibles: tales como estado de salud, estudios m\u00e9dicos, estatura, peso, talla, enfermedades o padecimientos, tratamientos m\u00e9dicos, lesiones o accidentes y n\u00famero de p\u00f3liza de seguro de vida, de gastos m\u00e9dicos mayores y menores y religi\u00f3n.<\/p><p>Los datos que solicitamos depender\u00e1n del tipo de titular y ser\u00e1n los siguientes:<br \/>Proveedores: nombre, direcci\u00f3n de su domicilio y\/o oficina, direcci\u00f3n de correo electr\u00f3nico (e- mail), tel\u00e9fonos, fecha de nacimiento, nacionalidad, estado civil, ocupaci\u00f3n, clave de Registro Federal de Contribuyentes y Clave \u00danica de Registro de Poblaci\u00f3n, fotograf\u00eda, copia de identificaci\u00f3n oficial sea IFE o PASPORTE, n\u00famero de pasaporte, n\u00famero de cartilla de servicio militar, clase y n\u00famero de licencia de manejo; *datos financieros o patrimoniales: n\u00fameros de cuenta, monto de transferencia, n\u00famero de tarjeta y cuentas bancarias.<br \/>Clientes: nombre, direcci\u00f3n de su domicilio y\/o oficina, c\u00f3digo postal, direcci\u00f3n de correo electr\u00f3nico (e-mail), tel\u00e9fonos, clave de Registro Federal de Contribuyentes, copia de identificaci\u00f3n oficial sea IFE o PASAPORTE, n\u00famero de pasaporte, n\u00famero de cartilla de servicio militar, clase y n\u00famero de licencia de manejo; *datos financieros o patrimoniales: n\u00fameros de cuenta, monto de transferencia, n\u00famero de tarjeta, cuentas bancarias, CLABE.<\/p><p>El titular deber\u00e1 aceptar los t\u00e9rminos, condiciones y Aviso de Privacidad.<\/p><p><strong>FINALIDAD DEL TRATAMIENTO DE DATOS PERSONALES:<\/strong><br \/>La finalidad de los datos solicitados depender\u00e1 del tipo de titular y ser\u00e1n tratados para alcanzar las siguientes finalidades:<\/p><p>Empleados, Candidatos, Jubilados y Ex-empleados:<br \/>\u2022 Identificaci\u00f3n de la persona.<br \/>\u2022 Evaluar capacidades y competencias con el fin de identificar la viabilidad de su contrataci\u00f3n como empleado.<br \/>\u2022 Realizar ex\u00e1menes socioecon\u00f3micos.<br \/>\u2022 Realizar ex\u00e1menes psicom\u00e9tricos.<br \/>\u2022 Integraci\u00f3n a la base de datos, directorios.<br \/>\u2022 Incorporar los datos personales en el contrato laboral y los documentos que resulten necesarios para su contrataci\u00f3n, incluyendo base de datos y expedientes f\u00edsicos y electr\u00f3nicos.<br \/>\u2022 Dar cumplimiento a las obligaciones derivadas de la relaci\u00f3n laboral.<br \/>\u2022 Transmitir los datos personales a Empresas que tienen por objeto el procesamiento y administraci\u00f3n del personal y manejo de n\u00f3mina.<br \/>\u2022 Transmitir los datos a administradoras de fondos para el retiro y empresas aseguradoras.<br \/>\u2022 Transmitir informaci\u00f3n derivada de la relaci\u00f3n laboral a diferentes organismos como Instituto Mexicano del Seguro Social (IMSS), la Secretar\u00eda de Hacienda y Cr\u00e9dito P\u00fablico (SHCP), el Instituto de Fondo Nacional de la Vivienda para los trabajadores (INFONAVIT),<br \/>la Secretar\u00eda de Finanzas y Tesorer\u00eda General del Estado de Nuevo Le\u00f3n, el Servicio de Administraci\u00f3n Tributaria (SAT) o cualquier otra dependencia gubernamental.<br \/>\u2022 Solicitar y proporcionar referencias laborales a terceros de los candidatos a empleados y exempleados. En los casos de atracci\u00f3n de talento transmitir los datos a los departamentos de recursos humanos de otras empresas. Ejercer acciones judiciales o extrajudiciales que correspondan para hacer cumplir las obligaciones derivadas de los contratos que celebra.<\/p><p>Proveedores:<br \/>\u2022 Identificaci\u00f3n de la persona.<br \/>\u2022 Con fines estad\u00edsticos y de an\u00e1lisis interno.<br \/>\u2022 Dar a conocer las necesidades de bienes y productos.<br \/>\u2022 Enviar boletines y noticias de relevancia en relaci\u00f3n a los bienes y productos que necesita la empresa.<br \/>\u2022 Facilitar su proceso de alta y el pago de servicios o productos suministrados.<br \/>\u2022 Integraci\u00f3n a la base de datos de proveedores.Para gestiones de cobranza.<br \/>\u2022 Elaborar comprobantes fiscales.<br \/>\u2022 Emitir facturaci\u00f3n electr\u00f3nica;<br \/>\u2022 Actualizar el sistema de registro de proveedores y base de datos.<br \/>\u2022 Presentar declaraciones ante la Secretaria de Hacienda y Cr\u00e9dito P\u00fablico (SHCP) y Servicios de Administraci\u00f3n Tributaria (SAT) como tambi\u00e9n con cualquier otra autoridad que se requiera.<br \/>\u2022 Analizar los datos financieros y patrimoniales, as\u00ed como de cualquier otra \u00edndole con el fin de identificar la capacidad financiera y comercial para brindar los servicios y\/o productos.<br \/>\u2022 Celebraci\u00f3n o modificaci\u00f3n en su caso de los contratos con el fin de formalizar el bien o servicio que se reciba.<br \/>\u2022 Ceder o transmitir a un tercero las obligaciones a cargo del titular derivadas de estos contratos.<br \/>\u2022 Mantener la comunicaci\u00f3n que resulte necesaria para alcanzar el objeto de las relaciones jur\u00eddicas, derivadas del suministro de bienes y\/o servicios.<br \/>\u2022 Ejercer acciones judiciales o extrajudiciales que correspondan para hacer cumplir las obligaciones derivadas de los contratos que celebra.<\/p><p>Clientes:<br \/>\u2022 Proveer servicios de venta para el suministro de unidades de Aire Acondicionado, contando con el respaldo de las mejores marcas a nivel mundial; informaci\u00f3n que incluye adem\u00e1s, los datos requeridos para la facturaci\u00f3n por nuestros servicios.<br \/>\u2022 Para enviarle las cotizaciones que usted requiera de los productos o servicios que maneja Grupo Treolo S.A. de C. V.<br \/>\u2022 Para facilitarle el uso de nuestro sitio web WWW.GRUPOTREOLO.COM y hacer m\u00e1s simples sus compras ya sea por Internet o como el cliente lo prefiera.<br \/>\u2022 Confirmar y corregir la informaci\u00f3n con la que contamos, a fin de garantizarle la mejor calidad en nuestro servicio.<br \/>\u2022 Para brindarle servicios de atenci\u00f3n a nuestros clientes, aclaraci\u00f3n de dudas o quejas que existan sobre nuestros productos y\/o servicios.<br \/>\u2022 Evaluar la calidad de los servicios, as\u00ed como para cualquier otro fin estrictamente relacionado con la comercializaci\u00f3n de estos.<br \/>\u2022 Con fines estad\u00edsticos y de an\u00e1lisis interno. Dar a conocer promociones de la venta de productos y servicios que se prestan.<br \/>\u2022 Enviar boletines y noticias de relevancia en relaci\u00f3n a los servicios.<br \/>\u2022 Realizar estudios internos sobre h\u00e1bitos de consumo y cualquier otro promocional o cuesti\u00f3n relacionada con los servicios que se prestan.<br \/>\u2022 Realizar los cargos econ\u00f3micos a las tarjetas bancarias de los productos y servicios adquiridos.<br \/>\u2022 Analizar los datos financieros y patrimoniales, as\u00ed como de cualquier otra \u00edndole con el fin de identificar la capacidad financiera, respecto del financiamiento que se pretenda otorgar.<br \/>\u2022 Celebraci\u00f3n de los contratos para la colocaci\u00f3n de productos y servicios.<br \/>\u2022 Mantener la comunicaci\u00f3n que resulte necesaria para alcanzar el objeto de las relaciones jur\u00eddicas derivadas del financiamiento.<br \/>\u2022 Ejercer acciones judiciales o extrajudiciales que correspondan para hacer cumplir las obligaciones derivadas de los financiamientos.<\/p><p><strong>OPCIONES Y MEDIOS PARA LIMITAR EL USO O DIVULGACI\u00d3N DE LOS DATOS PERSONALES<\/strong>:<br \/>Con el objeto de limitar el uso o divulgaci\u00f3n de los datos personales, el Responsable resguarda dichos datos personales implementando medidas de seguridad, administrativas, t\u00e9cnicas y f\u00edsicas.<\/p><p>Los Datos Personales son administrados y resguardados en un servidor que contiene nuestras bases de datos, que son administradas por sistemas de c\u00f3mputo, de los cuales tienen acceso \u00fanico y exclusivamente el personal que labora en esta empresa, utilizando las contrase\u00f1as, que permiten el uso, consulta, manejo o acceso a estos datos.<\/p><p>En los casos de los Datos Personales que se encuentra en equipos m\u00f3viles, port\u00e1tiles, situados dentro o fuera de nuestras instalaciones, est\u00e1n protegidos mediante contrase\u00f1as, que permiten el uso, consulta, manejo o acceso a estos datos, oblig\u00e1ndolos a destruir todas aquellas copias o reproducciones de documentos que contengan datos personales que no sean estrictamente indispensable para el adecuado desempe\u00f1o de las funciones del personal del Responsable.<\/p><p>En relaci\u00f3n a los documentos que contienen Datos Personales tambi\u00e9n son resguardados f\u00edsicamente en un \u00e1rea de archivo de acceso restringido s\u00f3lo al personal que labora en la empresa, llevando un estricto control de su uso.<\/p><p>Para mayor seguridad, el personal autorizado con acceso a datos personales ha sido capacitado sobre el control y manejo dichos datos, as\u00ed como las obligaciones en materia de protecci\u00f3n de datos personales, celebrando adem\u00e1s con \u201cEl Responsable\u201d convenios de estricta confidencialidad.<\/p><p>\u201cEl Responsable\u201d ha implementado pol\u00edticas y procesos internos aplicables a todo el personal, desde la obtenci\u00f3n de datos por los medios establecidos por la Ley, el tratamiento de acuerdo a las finalidades y a las medidas de seguridad aqu\u00ed descritas, limit\u00e1ndose el uso de los medios de reproducci\u00f3n y gener\u00e1ndose la obligaci\u00f3n de destruir todas aquellas copias o reproducciones de documentos que contengan datos personales que no sean estrictamente indispensable para el adecuado desempe\u00f1o de las funciones del personal del responsable, as\u00ed como la prohibici\u00f3n de extraer de las oficinas del responsable cualquier tipo de informaci\u00f3n que contenga datos personales.<\/p><p>Igualmente exigimos que estas medidas de seguridad y control sean cumplidas por los\u00a0 proveedores de los servicios que contratamos, a\u00fan trat\u00e1ndose de servicios que prestan las empresas subsidiarias o afiliadas de \u00e9sta.<\/p><p><strong>MEDIOS PARA EJERCER LOS DERECHOS DE ACCESO, RECTIFICACI\u00d3N, CANCELACI\u00d3N Y OPOSICI\u00d3N (ARCO)<\/strong><br \/>Los titulares de los datos personales gozan de los derechos de acceso, rectificaci\u00f3n, cancelaci\u00f3n y oposici\u00f3n previstos en el Cap\u00edtulo II de la Ley Federal de Protecci\u00f3n de Datos Personales en Posesi\u00f3n de Particulares.<\/p><p>Usted tiene derecho a conocer qu\u00e9 datos personales tenemos de usted, para qu\u00e9 los utilizamos y las condiciones del uso que les damos (Acceso). Asimismo, es su derecho solicitar la correcci\u00f3n de su informaci\u00f3n personal en caso de que est\u00e9\u00a0 desactualizada, sea inexacta o incompleta<br \/>(Rectificaci\u00f3n); que la eliminemos de nuestros registros o bases de datos cuando considere que la misma no est\u00e1 siendo utilizada conforme a los principios, deberes y obligaciones previstas en la normativa (Cancelaci\u00f3n); as\u00ed como oponerse al uso de sus datos personales para fines espec\u00edficos<br \/>(Oposici\u00f3n). Estos derechos se conocen como derechos ARCO.<\/p><p>Para el ejercicio de cualquiera de estos derechos, la persona de que se trate debe presentar a \u201cEl Responsable\u201d una solicitud (en adelante \u201cSOLICITUD\u201d) a la que deber\u00e1 acompa\u00f1ar lo siguiente:<br \/>I. Su nombre, domicilio y correo electr\u00f3nico para poder comunicarle la respuesta a la Solicitud ARCO;<br \/>II. Los documentos que acrediten su identidad (copia de IFE, pasaporte o cualquier otra identificaci\u00f3n oficial ) o en su caso, los documentos que acrediten su representaci\u00f3n legal;<br \/>III. Una descripci\u00f3n clara y precisa de los datos personales respecto de los cuales busca ejercer alguno de los Derechos ARCO;<br \/>IV. Cualquier documento o informaci\u00f3n que facilite la localizaci\u00f3n de sus datos personales;<br \/>V. En caso de solicitar una rectificaci\u00f3n de datos, deber\u00e1 de indicar tambi\u00e9n, las modificaciones a realizarse y aportar la documentaci\u00f3n que sustente su petici\u00f3n, y;<br \/>VI. La indicaci\u00f3n del lugar donde el Responsable podr\u00e1 revisar los originales de la documentaci\u00f3n que acompa\u00f1e.<\/p><p>En el caso el caso de revocaci\u00f3n del consentimiento el titular deber\u00e1 indicar adem\u00e1s de lo anteriormente se\u00f1alado, la fecha y el medio mediante el cual otorg\u00f3 su consentimiento para el tratamiento de los Datos Personales, con el fin de facilitarnos la localizaci\u00f3n de los mismos en nuestras bases de datos.<\/p><p>La solicitud a que se hace referencia para ejercer sus derechos ARCO, ser\u00e1 atendida por el \u00c1rea de Atenci\u00f3n a Clientes de \u201cEl Responsable\u201d y deber\u00e1 enviar la SOLICITUD arriba referida v\u00eda correo electr\u00f3nico a info@grupotreolo.com o por escrito al domicilio de \u201cEl Responsable\u201d ubicado en la calle R\u00edo Amacuzac #1125, Valle Oriente NL C.P. 66269 San Pedro Garza Garc\u00eda 8110 01 96 00. Dicha solicitud ser\u00e1 analizada y en caso de resultar procedente, se le estar\u00e1 contactando a trav\u00e9s del correo electr\u00f3nico o domicilio que para tal efecto nos haya proporcionado, dentro de los 20 d\u00edas naturales siguientes a la recepci\u00f3n de su solicitud con la finalidad de hacer efectivo cualquiera de los derechos antes mencionados.<\/p><p>Usted podr\u00e1 en cualquier momento revocar el consentimiento que nos ha otorgado para el tratamiento de sus datos personales, as\u00ed como limitar el uso o divulgaci\u00f3n de los mismos, enviando la SOLICITUD por correo electr\u00f3nico a la siguiente direcci\u00f3n info@grupotreolo.como por escrito al domicilio de \u201cEl Responsable\u201d ubicado en la calle R\u00edo Amacuzac #1125, Valle Oriente NL C.P. 66269 en la ciudad de San Pedro Garza Garc\u00eda Nuevo Le\u00f3n, M\u00e9xico, con tel\u00e9fono 8110 01 96 00, sin embargo, es importante que tenga en cuenta que no en todos los casos podremos atender su solicitud o concluir el uso de forma inmediata, ya que es posible que por alguna obligaci\u00f3n legal requiramos seguir tratando sus datos personales. Asimismo, usted deber\u00e1 considerar que para ciertos fines, la revocaci\u00f3n de su consentimiento implicar\u00e1 que no le podamos seguir prestando el servicio que nos solicit\u00f3, o la conclusi\u00f3n de su relaci\u00f3n con nosotros.<\/p><p><strong>TRANSFERENCIAS DE DATOS:<\/strong><br \/>Sus datos personales pueden ser transferidos y tratados dentro y fuera del pa\u00eds, por personas distintas a \u201cEl Responsable\u201d.<br \/>En ese sentido, su informaci\u00f3n puede ser compartida con nuestros proveedores y prestadores de Servicios que subcontratemos, para brindarle a trav\u00e9s de estos los productos y servicios que Usted solicite, y que nuestra empresa es proveedora.<\/p><p>Sus datos pueden ser compartidos a instituciones financieras en la que el Responsable tenga su cuenta concentradora y dispersora mediante la cual ser realicen pagos a empelados y\/o proveedores; administradoras de fondos para el retiro y empresas aseguradoras, a terceros relacionados con las prestaciones que se les ofrecen a los trabajadores y empleados; a terceros para la prestaci\u00f3n de servicios de asesor\u00eda jur\u00eddica para la elaboraci\u00f3n de los instrumentos legales que se suscriban; a terceros para la cesi\u00f3n de derechos derivados de estos contratos; a Empresas que tienen por objeto el procesamiento y administraci\u00f3n del personal y manejo de n\u00f3mina; a terceros que a solicitud del propio Responsable realicen auditorias, en virtud de la relaci\u00f3n laboral a organismos como Instituto Mexicano del Seguro Social (IMSS), la Secretar\u00eda de Hacienda y Cr\u00e9dito P\u00fablico (SHCP), el Instituto de Fondo Nacional de la Vivienda para los trabajadores (INFONAVIT), la<br \/>Secretar\u00eda de Finanzas y Tesorer\u00eda General del Estado de Nuevo Le\u00f3n, el Servicio de Administraci\u00f3n Tributaria (SAT) o cualquier otra dependencia gubernamental.<\/p><p>Nos comprometemos a no transferir su informaci\u00f3n personal a terceros sin su consentimiento, salvo las excepciones previstas en el art\u00edculo 37 de la Ley Federal de Protecci\u00f3n de Datos Personales en Posesi\u00f3n de los Particulares, as\u00ed como a realizar esta transferencia en los t\u00e9rminos que fija esa ley.<\/p><p>Le informamos que para las transferencias indicadas requerimos obtener su consentimiento expreso, no obstante si usted no manifiesta su oposici\u00f3n dentro del plazo de 5 d\u00edas naturales para que sus datos personales sean transferidos, se entender\u00e1 que ha otorgado su consentimiento para ello.<\/p><p><strong>COMUNICACI\u00d3N DE CAMBIOS AL AVISO DE PRIVACIDAD:<\/strong><br \/>Los t\u00e9rminos del presente Aviso pueden ser modificados o actualizados en cualquier momento, unilateralmente por \u201cEl Responsable\u201d, cuando as\u00ed lo considere necesario. Las modificaciones al presente Aviso ser\u00e1n publicadas en la p\u00e1gina de Internet de \u201cEl Responsable\u201d<br \/>WWW.GRUPOTREOLO.COM por lo que es responsabilidad de las personas que nos hagan llegar informaci\u00f3n estar al pendiente de la misma para informarse acerca de los cambios.<\/p><p><strong>CONSENTIMIENTO ACEPTACI\u00d3N DE LOS T\u00c9RMINOS:<\/strong><br \/>El titular de datos personales manifiesta haber le\u00eddo y estar de acuerdo con los t\u00e9rminos y condiciones del Aviso de Privacidad puesto a su disposici\u00f3n, conociendo la finalidad de la recolecci\u00f3n y tratamiento de sus datos personales, as\u00ed como el procedimiento para el ejercicio de sus Derechos ARCO. Al proporcionar informaci\u00f3n v\u00eda internet, telef\u00f3nica o personalmente, usted otorga su consentimiento al presente Aviso de Privacidad.<\/p><p>En la inteligencia que la presente declaraci\u00f3n de Confidencialidad\/Privacidad est\u00e1 sujeta a los t\u00e9rminos y condiciones de todos los sitios web de Grupo Treolo, S.A. de C. V. antes descritos, lo cual constituye un acuerdo legal entre el usuario y Grupo Treolo S.A. de C. V. Si el usuario utiliza los servicios en cualquiera de los sitios de Grupo Treolo S.A. de C., significa que ha le\u00eddo, entendido y acordado los t\u00e9rminos antes expuestos. Si no est\u00e1 de acuerdo con ellos, el usuario no deber\u00e1 proporcionar ninguna informaci\u00f3n personal, ni utilizar los servicios de los sitios de Grupo Treolo S.A. de C. V.<\/p><p><strong>IFAI:<\/strong><br \/>Si usted considera que su derecho a la protecci\u00f3n de sus datos personales ha sido lesionado por alguna conducta u omisi\u00f3n de nuestra parte, o presume alguna violaci\u00f3n a las disposiciones previstas en la Ley Federal de Protecci\u00f3n de Datos Personales en Posesi\u00f3n de los Particulares, su Reglamento y dem\u00e1s ordenamientos aplicables, podr\u00e1 interponer su inconformidad o denuncia ante el Instituto Federal de Acceso a la Informaci\u00f3n y Protecci\u00f3n de Datos (IFAI). Para mayor informaci\u00f3n, le sugerimos visitar su p\u00e1gina oficial de Internet www.ifai.org.mx<\/p><p>Fecha \u00faltima actualizaci\u00f3n: 02 Marzo 2020.<br \/>Atentamente.-<br \/>GRUPO TREOLO S.A. DE C. V.<\/p>\t\t\t\t\t\t\t\t<\/div>\n\t\t\t\t<\/div>\n\t\t\t\t\t<\/div>\n\t\t\t\t<\/div>\n\t\t\t\t<\/div>","protected":false},"excerpt":{"rendered":"<p>IDENTIDAD Y DOMICILIO DEL RESPONSABLE: En cumplimiento a lo establecido en el Art\u00edculo 17, fracci\u00f3n II de la Ley Federal de Protecci\u00f3n de Datos Personales en Posesi\u00f3n de los Particulares le informamos que Grupo Treolo SA de CV (en lo sucesivo \u201cEl Responsable\u201d), con domicilio en la calle R\u00edo Amacuzac #1125, Valle Oriente NL C.P. [&hellip;]<\/p>","protected":false},"author":1,"featured_media":0,"parent":0,"menu_order":0,"comment_status":"closed","ping_status":"closed","template":"elementor_header_footer","meta":{"footnotes":""},"class_list":["post-1345","page","type-page","status-publish","hentry"],"_links":{"self":[{"href":"https:\/\/treolo.com\/en\/wp-json\/wp\/v2\/pages\/1345","targetHints":{"allow":["GET"]}}],"collection":[{"href":"https:\/\/treolo.com\/en\/wp-json\/wp\/v2\/pages"}],"about":[{"href":"https:\/\/treolo.com\/en\/wp-json\/wp\/v2\/types\/page"}],"author":[{"embeddable":true,"href":"https:\/\/treolo.com\/en\/wp-json\/wp\/v2\/users\/1"}],"replies":[{"embeddable":true,"href":"https:\/\/treolo.com\/en\/wp-json\/wp\/v2\/comments?post=1345"}],"version-history":[{"count":0,"href":"https:\/\/treolo.com\/en\/wp-json\/wp\/v2\/pages\/1345\/revisions"}],"wp:attachment":[{"href":"https:\/\/treolo.com\/en\/wp-json\/wp\/v2\/media?parent=1345"}],"curies":[{"name":"wp","href":"https:\/\/api.w.org\/{rel}","templated":true}]}}