{"id":1385,"date":"2024-07-17T16:58:15","date_gmt":"2024-07-17T22:58:15","guid":{"rendered":"https:\/\/treolo.com\/?page_id=1385"},"modified":"2024-07-17T19:21:47","modified_gmt":"2024-07-18T01:21:47","slug":"terminos-y-condiciones","status":"publish","type":"page","link":"https:\/\/treolo.com\/en\/terminos-y-condiciones\/","title":{"rendered":"T\u00e9rminos y condiciones"},"content":{"rendered":"<div data-elementor-type=\"wp-page\" data-elementor-id=\"1385\" class=\"elementor elementor-1385\" data-elementor-post-type=\"page\">\n\t\t\t\t<div class=\"elementor-element elementor-element-19eacbf e-flex e-con-boxed e-con e-parent\" data-id=\"19eacbf\" data-element_type=\"container\">\n\t\t\t\t\t<div class=\"e-con-inner\">\n\t\t\t\t<div class=\"elementor-element elementor-element-26cee06 elementor-widget elementor-widget-heading\" data-id=\"26cee06\" data-element_type=\"widget\" data-widget_type=\"heading.default\">\n\t\t\t\t<div class=\"elementor-widget-container\">\n\t\t\t\t\t<h2 class=\"elementor-heading-title elementor-size-default\">T\u00e9rminos y condiciones<\/h2>\t\t\t\t<\/div>\n\t\t\t\t<\/div>\n\t\t\t\t<div class=\"elementor-element elementor-element-c9eddc8 elementor-widget elementor-widget-text-editor\" data-id=\"c9eddc8\" data-element_type=\"widget\" data-widget_type=\"text-editor.default\">\n\t\t\t\t<div class=\"elementor-widget-container\">\n\t\t\t\t\t\t\t\t\t<p><strong>Empresas Contratistas, Cadenas hoteleras y comerciales, Proyectos,\u00a0 <\/strong><strong>Constructoras, Despachos de Arquitectos, Instaladores,<\/strong><br \/><strong>Desarrolladoras y Sub Distribuidores:<\/strong><\/p><p>\u2022 Precios:<br \/>Las \u00f3rdenes de compra ser\u00e1n facturadas a precios vigentes establecidos en cotizaci\u00f3n. En caso de no contar con orden de compra de parte del cliente, el pedido firmado ser\u00e1 documento v\u00e1lido para procesar pedidos. Todos los precios est\u00e1n sujetos a cambio sin previo aviso en tanto no sean facturados. Todos los productos son cotizados en d\u00f3lares al tipo de cambio del d\u00eda de la operaci\u00f3n, en caso de generarse anticipo\/s de una compra, los pagos remanentes pactados, deber\u00e1n realizarse a tipo de cambio del d\u00eda en que se efect\u00faen.<\/p><p><br \/>\u2022 Forma de Pago-Contado:<br \/>Las \u00f3rdenes de compra ser\u00e1n procesadas al recibir el pago total de los productos y se emitir\u00e1 comprobante fiscal de acuerdo a requerimientos vigentes del SAT. Se sugiere realizar los pagos a trav\u00e9s de transferencia por banca electr\u00f3nica y notificar v\u00eda correo electr\u00f3nico a su asesor de ventas con el comprobante adjunto.\u00a0<\/p><p>\u2022 Forma de Pago-Cr\u00e9dito:<br \/>Disponible para clientes con l\u00ednea de cr\u00e9dito autorizada y vigente. Las \u00f3rdenes de compra de clientes con cr\u00e9dito vencido o con sobregiro no ser\u00e1n procesadas.<\/p><p>\u2022 Compras M\u00ednimas:<br \/>Es importante contar con el perfil de clientes de Grupo Treolo. Principalmente, nuestros clientes son: Contratistas, cadenas hoteleras o comerciales, proyectos, constructoras, despachos de arquitectos, instaladores de aire acondicionado y sub-distribuidores.<\/p><p>\u2022 Devoluciones:<br \/>Grupo Treolo no recibe equipos por devoluci\u00f3n originada por causas atribuibles al comprador. Si los productos son devueltos por causas atribuibles a Grupo Treolo, se extender\u00e1 un cr\u00e9dito a la cuenta del cliente despu\u00e9s de recibir y haber sido aceptada la devoluci\u00f3n.<\/p><p>\u2022 Fletes:<br \/>Todos los precios son L.A.B. Monterrey, surtido por Grupo Treolo. Los fletes por env\u00edo de productos son cotizados bajo los convenios de Grupo Treolo con fleteras, sin embargo el cliente puede elegir la de su conveniencia, seg\u00fan se acuerde en cotizaci\u00f3n. Al momento de recibir su mercanc\u00eda el cliente deber\u00e1 revisarla y si encuentra productos<br \/>da\u00f1ados o con faltantes, deber\u00e1 reportar de inmediato a su vendedor.<\/p><p>\u2022 Garant\u00eda:<br \/>Todos nuestros productos est\u00e1n garantizados bajo los t\u00e9rminos expl\u00edcitos de las pol\u00edticas de garant\u00eda vigentes y publicadas en p\u00e1gina de internet. Las partes el\u00e9ctricas y los faltantes, as\u00ed como mano de obra no cuentan con garant\u00eda.<\/p>\t\t\t\t\t\t\t\t<\/div>\n\t\t\t\t<\/div>\n\t\t\t\t\t<\/div>\n\t\t\t\t<\/div>\n\t\t\t\t<\/div>","protected":false},"excerpt":{"rendered":"<p>Empresas Contratistas, Cadenas hoteleras y comerciales, Proyectos,\u00a0 Constructoras, Despachos de Arquitectos, Instaladores,Desarrolladoras y Sub Distribuidores: \u2022 Precios:Las \u00f3rdenes de compra ser\u00e1n facturadas a precios vigentes establecidos en cotizaci\u00f3n. En caso de no contar con orden de compra de parte del cliente, el pedido firmado ser\u00e1 documento v\u00e1lido para procesar pedidos. Todos los precios est\u00e1n sujetos [&hellip;]<\/p>","protected":false},"author":1,"featured_media":0,"parent":0,"menu_order":0,"comment_status":"closed","ping_status":"closed","template":"elementor_header_footer","meta":{"footnotes":""},"class_list":["post-1385","page","type-page","status-publish","hentry"],"_links":{"self":[{"href":"https:\/\/treolo.com\/en\/wp-json\/wp\/v2\/pages\/1385","targetHints":{"allow":["GET"]}}],"collection":[{"href":"https:\/\/treolo.com\/en\/wp-json\/wp\/v2\/pages"}],"about":[{"href":"https:\/\/treolo.com\/en\/wp-json\/wp\/v2\/types\/page"}],"author":[{"embeddable":true,"href":"https:\/\/treolo.com\/en\/wp-json\/wp\/v2\/users\/1"}],"replies":[{"embeddable":true,"href":"https:\/\/treolo.com\/en\/wp-json\/wp\/v2\/comments?post=1385"}],"version-history":[{"count":0,"href":"https:\/\/treolo.com\/en\/wp-json\/wp\/v2\/pages\/1385\/revisions"}],"wp:attachment":[{"href":"https:\/\/treolo.com\/en\/wp-json\/wp\/v2\/media?parent=1385"}],"curies":[{"name":"wp","href":"https:\/\/api.w.org\/{rel}","templated":true}]}}